{"id":24,"date":"2023-04-17T10:15:38","date_gmt":"2023-04-17T10:15:38","guid":{"rendered":"http:\/\/localhost\/yummye\/?page_id=24"},"modified":"2025-11-07T11:45:30","modified_gmt":"2025-11-07T11:45:30","slug":"biz","status":"publish","type":"page","link":"https:\/\/konurestoran.com\/index.php\/biz\/","title":{"rendered":"Biz Kimiz?"},"content":{"rendered":"\t\t<div data-elementor-type=\"wp-page\" data-elementor-id=\"24\" class=\"elementor elementor-24\">\n\t\t\t\t\t\t<section class=\"elementor-section elementor-top-section elementor-element elementor-element-97502f3 elementor-section-full_width elementor-section-height-default elementor-section-height-default\" data-id=\"97502f3\" data-element_type=\"section\">\n\t\t\t\t\t\t<div class=\"elementor-container elementor-column-gap-no\">\n\t\t\t\t\t<div class=\"elementor-column elementor-col-100 elementor-top-column elementor-element elementor-element-d1a1730\" data-id=\"d1a1730\" data-element_type=\"column\">\n\t\t\t<div class=\"elementor-widget-wrap elementor-element-populated\">\n\t\t\t\t\t\t<div class=\"elementor-element elementor-element-540fc70 elementor-widget elementor-widget-Elementor-About-widget\" data-id=\"540fc70\" data-element_type=\"widget\" data-widget_type=\"Elementor-About-widget.default\">\n\t\t\t\t<div class=\"elementor-widget-container\">\n\t\t\t\t\t <!-- about-area -->\n<section class=\"about-area about-p pt-120 pb-120 p-relative fix\">\n     <div class=\"animations-01\"><img decoding=\"async\" src=\"https:\/\/wpdemo.zcubethemes.com\/yummye\/wp-content\/uploads\/2023\/04\/an-img-01.png\" alt=\"https:\/\/wpdemo.zcubethemes.com\/yummye\/wp-content\/uploads\/2023\/04\/an-img-01.png\"><\/div>\n    <div class=\"container\">\n        <div class=\"row justify-content-center align-items-center\">\n            <div class=\"col-lg-6 col-md-12 col-sm-12\">\n                <div class=\"about-content s-about-content  wow fadeInRight  animated pr-30\" data-animation=\"fadeInRight\" data-delay=\".4s\">\n                    <div class=\"about-title second-title pb-25\">  \n                        <h5><span class=\"circle-left\"><img decoding=\"async\" src=\"https:\/\/wpdemo.zcubethemes.com\/yummye\/wp-content\/uploads\/2023\/04\/circle-left.png\" alt=\"https:\/\/wpdemo.zcubethemes.com\/yummye\/wp-content\/uploads\/2023\/04\/circle-left.png\"><\/span> Konu Restoran<\/h5>\n                       <h2>Her Sofran\u0131n Bir Konusu Var<\/h2>                                           \n                    <\/div>\n                       <p>\u201cKonu belli\u201d diyerek \u00e7\u0131kt\u0131\u011f\u0131m\u0131z bu yolculukta, her misafirimizin bir hik\u00e2yesi, her masan\u0131n bir anlam\u0131 oldu\u011funa inan\u0131yoruz. Biz, sofralar\u0131 sadece yemek i\u00e7in de\u011fil; payla\u015fmak, konu\u015fmak ve an\u0131 biriktirmek i\u00e7in kuruyoruz.<\/p> \u00a0 \u00a0 \u00a0 \u00a0 \u00a0 \u00a0 \u00a0 \u00a0 \u00a0 \u00a0 \u00a0 \u00a0 \u00a0 \u00a0 \u00a0 \u00a0 \u00a0 \u00a0 <p>Mezelerin sohbeti \u00e7a\u011f\u0131ran lezzetinde ve dost seslerinin aras\u0131nda hep ayn\u0131 \u015feyi hat\u0131rlat\u0131yoruz: Konu, sadece bir restoran de\u011fil; anlar\u0131n birle\u015fti\u011fi, duygular\u0131n tad\u0131na var\u0131ld\u0131\u011f\u0131 bir bulu\u015fma noktas\u0131d\u0131r.<\/p> \u00a0  <p>Kimi gelir dertle\u015fmeye, kimi kutlamaya\u2026 Kimi sadece sessizce oturur, m\u00fczi\u011fin i\u00e7inde kendini bulur. Biz hepsini ayn\u0131 samimiyetle a\u011f\u0131rlar, sofram\u0131zda herkesin hik\u00e2yesine yer a\u00e7ar\u0131z.<\/p <p>Her tabakta \u00f6zen, her serviste dostluk, her ak\u015famda bamba\u015fka bir Konu vard\u0131r. \u00c7\u00fcnk\u00fc bizde mesele sadece lezzet de\u011fil; o lezzetin etraf\u0131nda kurulan ba\u011fd\u0131r.<\/p>                    \n                        <div class=\"about-content3 mt-30\">\n                        <div class=\"row justify-content-center align-items-center\">\n                            <div class=\"col-md-6\">\n                            <div class=\"signature\">\n                                 <img decoding=\"async\" src=\"https:\/\/konurestoran.com\/wp-content\/uploads\/2025\/11\/Chef-Volkan-Can.png\" alt=\"https:\/\/konurestoran.com\/wp-content\/uploads\/2025\/11\/Chef-Volkan-Can.png\">                  \n                                <h3 class=\"mt-10\">     <\/h3>\n                            <\/div>\n\n                        <\/div>\n                            <div class=\"col-md-6 text-right\">\n                               <a href=\"https:\/\/qr.konurestoran.com\" class=\"btn ss-btn smoth-scroll\">MEN\u00dcM\u00dcZ<\/a>\t\n                            <\/div>\n                        <\/div>\n                    <\/div>\n\n                <\/div>\n            <\/div>\n             <div class=\"col-lg-6 col-md-12 col-sm-12\">\n                <div class=\"s-about-img p-relative  wow fadeInLeft animated text-right\" data-animation=\"fadeInLeft\" data-delay=\".4s\">\n                    <img decoding=\"async\" src=\"https:\/\/konurestoran.com\/wp-content\/uploads\/2025\/11\/chef-volkan-can.jpg\" alt=\"https:\/\/konurestoran.com\/wp-content\/uploads\/2025\/11\/chef-volkan-can.jpg\">  \n                   <div class=\"about-icon\">\n                         <img decoding=\"async\" src=\"\" alt=\"\">  \n                    <\/div>\n                    <div class=\"about-text second-about\">\n                                                            <p>Konu Belli<\/p>                    <\/div>\n                <\/div>\n\n            <\/div>\n\n\n\n        <\/div>\n    <\/div>\n<\/section>\n<!-- about-area-end -->\t\t\t\t<\/div>\n\t\t\t\t<\/div>\n\t\t\t\t\t<\/div>\n\t\t<\/div>\n\t\t\t\t\t<\/div>\n\t\t<\/section>\n\t\t<div class=\"elementor-element elementor-element-a27092b e-flex e-con-boxed e-con e-parent\" data-id=\"a27092b\" data-element_type=\"container\">\n\t\t\t\t\t<div class=\"e-con-inner\">\n\t\t<div class=\"elementor-element elementor-element-08a1dd6 e-con-full e-flex e-con e-child\" data-id=\"08a1dd6\" data-element_type=\"container\">\n\t\t\t\t<\/div>\n\t\t<div class=\"elementor-element elementor-element-ffade2a e-con-full e-flex e-con e-child\" data-id=\"ffade2a\" data-element_type=\"container\">\n\t\t\t\t<div class=\"elementor-element elementor-element-c6c387f elementor-widget elementor-widget-heading\" data-id=\"c6c387f\" data-element_type=\"widget\" data-widget_type=\"heading.default\">\n\t\t\t\t\t<h2 class=\"elementor-heading-title elementor-size-default\">\u201cKonu: Bir Lezzet Manifestosu\u201d\n<\/h2>\t\t\t\t<\/div>\n\t\t\t\t<\/div>\n\t\t<div class=\"elementor-element elementor-element-1e56efd e-con-full e-flex e-con e-child\" data-id=\"1e56efd\" data-element_type=\"container\">\n\t\t\t\t<\/div>\n\t\t\t\t\t<\/div>\n\t\t\t\t<\/div>\n\t\t<div class=\"elementor-element elementor-element-c1d572b e-flex e-con-boxed e-con e-parent\" data-id=\"c1d572b\" data-element_type=\"container\">\n\t\t\t\t\t<div class=\"e-con-inner\">\n\t\t<div class=\"elementor-element elementor-element-c2e51e1 e-con-full e-flex e-con e-child\" data-id=\"c2e51e1\" data-element_type=\"container\">\n\t\t\t\t<div class=\"elementor-element elementor-element-5daf627 elementor-widget elementor-widget-text-editor\" data-id=\"5daf627\" data-element_type=\"widget\" data-widget_type=\"text-editor.default\">\n\t\t\t\t\t\t\t\t\t<p><strong>Volkan Bey, sizi di\u011fer bir\u00e7ok restoran i\u015fletmecisinden ay\u0131ran \u00e7ok<\/strong><br \/><strong>\u00f6zel bir ge\u00e7mi\u015finiz var: hem turizm &amp; otelcilik hem de gastronomi e\u011fitiminiz bulunuyor. Bu iki disiplin, &#8216;Konu Restoran&#8217; projesinde<\/strong><br \/><strong>sizin elinizde nas\u0131l bir araya geldi? Otelcilikteki &#8216;m\u00fckemmeliyet\u00e7i<\/strong><br \/><strong>hizmet anlay\u0131\u015f\u0131&#8217; ile mutfaktaki &#8216;sanatsal yarat\u0131c\u0131l\u0131k&#8217; s\u00fcre\u00e7lerini nas\u0131l<\/strong><br \/><strong>harmanl\u0131yorsunuz?<\/strong><\/p><p>Harika bir noktaya de\u011findiniz. Asl\u0131nda bu iki disiplin benim i\u00e7in bir \u00e7at\u0131\u015fma de\u011fil, bir tamamlay\u0131c\u0131 oldu her zaman. Otelcilik e\u011fitimim bana bir<br \/>sistem, bir omurga kazand\u0131rd\u0131. M\u00fc\u015fteri yolculu\u011funu, operasyonun kusursuz i\u015flemesinin matemati\u011fini \u00f6\u011fretti. Gastronomi e\u011fitimim ve \u015feflik<br \/>deneyimim ise bu omurgaya et ve kan verdi, ona bir ruh katt\u0131. &#8216;Konu&#8217;da,<br \/>misafir masaya oturdu\u011funda ya\u015fad\u0131\u011f\u0131 her \u015fey bir sanat eseri kadar \u00f6zg\u00fcn ve dokunakl\u0131 olmal\u0131; ama o eserin arka plan\u0131, mutfak, servis, temizlik, bir saat gibi t\u0131k\u0131r t\u0131k\u0131r i\u015flemeli. \u0130\u015fte benim rol\u00fcm, bu iki d\u00fcnyan\u0131n<br \/>dilini terc\u00fcme etmek ve kusursuz bir uyum i\u00e7inde \u00e7al\u0131\u015fmas\u0131n\u0131 sa\u011flamak.<\/p><p><strong>Bir \u015fef olarak yarat\u0131c\u0131 taraf\u0131n\u0131z ve bir i\u015fletmeci olarak analitik taraf\u0131n\u0131z, &#8216;Konu&#8217;yu hayata ge\u00e7irirken birbiriyle hi\u00e7 \u00e7at\u0131\u015fm\u0131yor mu? Bu<\/strong><br \/><strong>mek\u00e2n\u0131n arkas\u0131ndaki felsefeyi ve men\u00fcy\u00fc olu\u015ftururken, &#8216;\u015eef Volkan&#8217;<\/strong><br \/><strong>ile &#8216;\u0130\u015fletmeci Volkan&#8217; nas\u0131l bir ortak dil buldu?<\/strong><\/p><p>\u0130nan\u0131n, \u00e7at\u0131\u015ft\u0131klar\u0131 \u00e7ok oldu! &#8216;\u015eef Volkan&#8217; daha cesur, daha s\u0131ra d\u0131\u015f\u0131, b\u00fct\u00e7eyi zorlayan malzemeler ve teknikler pe\u015finde ko\u015fmak istiyor. &#8216;\u0130\u015fletmeci<br \/>Volkan&#8217; ise k\u00e2rl\u0131l\u0131\u011f\u0131, s\u00fcrd\u00fcr\u00fclebilirli\u011fi ve tekrarlanabilirli\u011fi d\u00fc\u015f\u00fcn\u00fcyor.<br \/>&#8216;Konu&#8217; ismi tam da buradan \u00e7\u0131kt\u0131. Bu iki taraf\u0131n birbiriyle konu\u015fmas\u0131,<br \/>anla\u015fmas\u0131 gerekiyordu. Men\u00fcm\u00fczdeki her bir yemek, bu diyalo\u011fun bir<br \/>\u00fcr\u00fcn\u00fc. \u00d6rne\u011fin, g\u00f6rselde s\u0131ra d\u0131\u015f\u0131 ve sanatsal g\u00f6r\u00fcnen bir tabak asl\u0131nda<br \/>mutfakta son derece sistematik ve verimli bir s\u00fcre\u00e7le haz\u0131rlan\u0131yor. Zafer,<br \/>ikisini de tatmin edecek bir dengeyi bulmakta yat\u0131yor.<\/p><p><strong>Turizm e\u011fitiminin getirdi\u011fi sistematik bak\u0131\u015f a\u00e7\u0131s\u0131yla, misafirlerinize sadece bir ak\u015fam yeme\u011fi de\u011fil, adeta &#8216;kurgulanm\u0131\u015f bir deneyim&#8217;<\/strong><br \/><strong>sunuyorsunuz. Bu &#8216;deneyim m\u00fchendisli\u011finden&#8217; biraz bahsedebilir<\/strong><br \/><strong>misiniz? Bir misafirin restorana giri\u015finden ayr\u0131l\u0131\u015f\u0131na kadar ge\u00e7en<\/strong><br \/><strong>s\u00fcre\u00e7te, onun i\u00e7in en ince ayr\u0131nt\u0131s\u0131na kadar d\u00fc\u015f\u00fcnd\u00fc\u011f\u00fcn\u00fcz detaylar neler?<\/strong><\/p><p><br \/>Kulland\u0131\u011f\u0131n\u0131z &#8216;m\u00fchendislik&#8217; tabiri \u00e7ok isabetli. Biz buna &#8216;duygusal mimari&#8217; diyoruz i\u00e7imizde. Her \u015fey, misafir kap\u0131dan ad\u0131m\u0131n\u0131 att\u0131\u011f\u0131 anda ba\u015fl\u0131yor. Hangi kokuyu alacak? I\u015f\u0131k, g\u00f6z\u00fcn\u00fc yormayacak ama masas\u0131ndaki<br \/>taba\u011f\u0131 bir tablo gibi ayd\u0131nlatacak m\u0131? Garsonumuz ilk &#8216;ho\u015f geldiniz&#8217;i<br \/>nas\u0131l s\u00f6yleyecek? Samimi ama profesyonel bir denge kurmal\u0131. Yeme\u011fin sunumu, taba\u011f\u0131n s\u0131cakl\u0131\u011f\u0131, tabak kald\u0131rma zamanlamas\u0131&#8230; Bunlar\u0131n<br \/>hepsi, otelcilik e\u011fitimimin bana \u00f6\u011fretti\u011fi, \u00fczerine sayfalarca prosed\u00fcr<br \/>yaz\u0131labilecek detaylar. Ama\u00e7, misafirin hi\u00e7bir \u015feyi d\u00fc\u015f\u00fcnmesine gerek<br \/>kalmadan, kendini tamamen ana ve lezzete b\u0131rakabilmesi.<\/p>\t\t\t\t\t\t\t\t<\/div>\n\t\t\t\t<\/div>\n\t\t<div class=\"elementor-element elementor-element-f9dc71f e-con-full e-flex e-con e-child\" data-id=\"f9dc71f\" data-element_type=\"container\">\n\t\t\t\t<div class=\"elementor-element elementor-element-f9742b1 elementor-widget elementor-widget-text-editor\" data-id=\"f9742b1\" data-element_type=\"widget\" data-widget_type=\"text-editor.default\">\n\t\t\t\t\t\t\t\t\t<p><strong>Diplomal\u0131 bir \u015fef olarak, mutfaktaki ekibinizle \u00e7al\u0131\u015fma dinamikleriniz nas\u0131l? Prestijli otellerden gelen \u015feflerle olan i\u015f birli\u011finiz, daha<\/strong><br \/><strong>\u00e7ok bir &#8216;\u015fefler aras\u0131 diyalog&#8217; mu yoksa &#8216;vizyoner bir liderin ekibine<\/strong><br \/><strong>ilham veri\u015fi&#8217; mi? Bu ortakl\u0131k, mutfa\u011f\u0131n\u0131za teknik anlamda en belirgin nas\u0131l yans\u0131d\u0131?<\/strong><\/p><p>Ben kendimi bir &#8216;lider&#8217;den ziyade, bir &#8216;orkestra \u015fefi&#8217; gibi g\u00f6r\u00fcyorum. Buradaki her \u015fef, kendi enstr\u00fcman\u0131n\u0131 \u00e7ok iyi \u00e7alan bir virt\u00fc\u00f6z. Benim i\u015fim,<br \/>onlar\u0131n yarat\u0131c\u0131 enerjisini, restoran\u0131n genel senfonisine uyacak \u015fekilde<br \/>y\u00f6netmek. Diplomal\u0131 bir \u015fef olmak, onlar\u0131n dilinden konu\u015fmam\u0131, teknik<br \/>kapasitelerini ve \u00e7abalar\u0131n\u0131 anlamam\u0131 sa\u011fl\u0131yor. Bu da kar\u015f\u0131l\u0131kl\u0131 bir g\u00fcven<br \/>ve sayg\u0131 do\u011furuyor. Otel k\u00f6kenli \u015feflerimiz, d\u00fcnya mutfa\u011f\u0131ndaki trendleri ve standardizasyonu getirirken, ben de onlara yerel, bazen daha<br \/>&#8216;anar\u015fik&#8217; dokunu\u015flar\u0131m\u0131z\u0131 kat\u0131yor, birlikte yeni bir dil yarat\u0131yoruz.<\/p><p><strong>M\u00fc\u015fteri memnuniyetini, hem bir \u015fefin kalbi hem de bir otelcinin<\/strong><br \/><strong>stratejik zihniyle nas\u0131l y\u00f6netiyorsunuz? Ald\u0131\u011f\u0131n\u0131z geri bildirimler,<\/strong><br \/><strong>sadece men\u00fcy\u00fc de\u011fil, operasyonun t\u00fcm\u00fcn\u00fc s\u00fcrekli nas\u0131l evriltiyor?<\/strong><br \/><strong>Sad\u0131k bir m\u00fc\u015fteri kitlesi olu\u015fturman\u0131n, sizin i\u00e7in &#8216;duygusal&#8217; ve &#8216;stratejik&#8217; olmak \u00fczere iki anahtar\u0131 var m\u0131?<\/strong><\/p><p>Kalp, bize &#8216;neyi&#8217; yapmam\u0131z gerekti\u011fini s\u00f6yler; zihin ise &#8216;nas\u0131l&#8217; yapaca\u011f\u0131m\u0131z\u0131. Duygusal taraf\u0131m, bir misafirimizin &#8216;Bu yemek, annemin k\u00f6yde yapt\u0131\u011f\u0131<br \/>tad\u0131 hat\u0131rlatt\u0131&#8217; demesiyle d\u00fcnyalar benim olur. Stratejik taraf\u0131m ise hemen o an\u0131n\u0131n ard\u0131ndan, &#8216;Bu duyguyu daha \u00e7ok misafire nas\u0131l ya\u015fat\u0131r\u0131z?&#8217;<br \/>sorusunu sorar. Geri bildirimler bizim i\u00e7in alt\u0131n de\u011ferinde. Her ele\u015ftiri,<br \/>sistemimizdeki bir a\u00e7\u0131\u011f\u0131 bulmam\u0131z i\u00e7in bir f\u0131rsat. Sadakatin iki anahtar\u0131<br \/>\u015fu: Birincisi, samimiyet ve s\u0131cakl\u0131kla kurulan ki\u015fisel ba\u011f. \u0130kincisi ise, her<br \/>geldiklerinde ayn\u0131 m\u00fckemmelli\u011fi, hatta daha iyisini sunabilece\u011fimize<br \/>dair onlarda yaratt\u0131\u011f\u0131m\u0131z g\u00fcven.<\/p><p><strong>Bu iki farkl\u0131 disiplinle donanm\u0131\u015f bir isim olarak, Konu Restoran&#8217;\u0131<\/strong><br \/><strong>gastronomi d\u00fcnyas\u0131n\u0131n neresinde konumland\u0131r\u0131yorsunuz? Gelecek<\/strong><br \/><strong>hedeflerinizde, hem bir e\u011fitmen hem de bir giri\u015fimci olarak, T\u00fcrk<\/strong><br \/><strong>mutfa\u011f\u0131na ve restoran sekt\u00f6r\u00fcne dair daha b\u00fcy\u00fck bir vizyonunuz<\/strong><br \/><strong>var m\u0131?<\/strong><\/p><p><br \/>Amac\u0131m, &#8216;Konu&#8217;yu T\u00fcrkiye&#8217;nin mutfak k\u00fclt\u00fcr\u00fcn\u00fc temsil eden, onu evrensel bir dille anlatan bir marka haline getirmek. Turizm ge\u00e7mi\u015fim, bunu<br \/>uluslararas\u0131 arenada nas\u0131l konumland\u0131rabilece\u011fime dair bir vizyon verdi.<br \/>Hedefimiz, sadece iyi yemek yapan bir restoran olman\u0131n \u00f6tesine ge\u00e7mek. &#8216;Konu&#8217;yu, bir gastronomi okulu, bir ara\u015ft\u0131rma-geli\u015ftirme merkezi ve<br \/>Anadolu&#8217;nun kaybolmaya y\u00fcz tutmu\u015f lezzetlerine sahip \u00e7\u0131kan bir k\u00fclt\u00fcr<br \/>el\u00e7isi olarak da konumland\u0131rmak istiyoruz. K\u0131sacas\u0131, buradan \u00e7\u0131kacak<br \/>&#8216;konu\u015fma&#8217;n\u0131n d\u00fcnyaya yay\u0131lmas\u0131n\u0131 hedefliyoruz.<\/p>\t\t\t\t\t\t\t\t<\/div>\n\t\t\t\t<\/div>\n\t\t\t\t\t<\/div>\n\t\t\t\t<\/div>\n\t\t\t\t<\/div>\n\t\t","protected":false},"excerpt":{"rendered":"<p>\u201cKonu: Bir Lezzet Manifestosu\u201d Volkan Bey, sizi di\u011fer bir\u00e7ok restoran i\u015fletmecisinden ay\u0131ran \u00e7ok\u00f6zel bir ge\u00e7mi\u015finiz var: hem turizm &amp; otelcilik hem de gastronomi e\u011fitiminiz bulunuyor. Bu iki disiplin, &#8216;Konu Restoran&#8217; projesindesizin elinizde nas\u0131l bir araya geldi? Otelcilikteki &#8216;m\u00fckemmeliyet\u00e7ihizmet anlay\u0131\u015f\u0131&#8217; ile mutfaktaki &#8216;sanatsal yarat\u0131c\u0131l\u0131k&#8217; s\u00fcre\u00e7lerini nas\u0131lharmanl\u0131yorsunuz? Harika bir noktaya de\u011findiniz. Asl\u0131nda bu iki disiplin benim i\u00e7in [&hellip;]<\/p>\n","protected":false},"author":1,"featured_media":0,"parent":0,"menu_order":0,"comment_status":"closed","ping_status":"closed","template":"inside.php","meta":{"footnotes":""},"class_list":["post-24","page","type-page","status-publish","hentry"],"_links":{"self":[{"href":"https:\/\/konurestoran.com\/index.php\/wp-json\/wp\/v2\/pages\/24","targetHints":{"allow":["GET"]}}],"collection":[{"href":"https:\/\/konurestoran.com\/index.php\/wp-json\/wp\/v2\/pages"}],"about":[{"href":"https:\/\/konurestoran.com\/index.php\/wp-json\/wp\/v2\/types\/page"}],"author":[{"embeddable":true,"href":"https:\/\/konurestoran.com\/index.php\/wp-json\/wp\/v2\/users\/1"}],"replies":[{"embeddable":true,"href":"https:\/\/konurestoran.com\/index.php\/wp-json\/wp\/v2\/comments?post=24"}],"version-history":[{"count":22,"href":"https:\/\/konurestoran.com\/index.php\/wp-json\/wp\/v2\/pages\/24\/revisions"}],"predecessor-version":[{"id":573,"href":"https:\/\/konurestoran.com\/index.php\/wp-json\/wp\/v2\/pages\/24\/revisions\/573"}],"wp:attachment":[{"href":"https:\/\/konurestoran.com\/index.php\/wp-json\/wp\/v2\/media?parent=24"}],"curies":[{"name":"wp","href":"https:\/\/api.w.org\/{rel}","templated":true}]}}